{"id":216,"date":"2020-01-29T17:26:35","date_gmt":"2020-01-29T16:26:35","guid":{"rendered":"https:\/\/www.centroambarfi.ch\/?page_id=216"},"modified":"2024-10-07T13:44:54","modified_gmt":"2024-10-07T11:44:54","slug":"management","status":"publish","type":"page","link":"https:\/\/www.centroambarfi.ch\/en\/geschaeftsleitung\/","title":{"rendered":"Management"},"content":{"rendered":"<div data-elementor-type=\"wp-page\" data-elementor-id=\"216\" class=\"elementor elementor-216\" data-elementor-post-type=\"page\">\n\t\t\t\t\t\t<section class=\"elementor-section elementor-top-section elementor-element elementor-element-4f86467 elementor-section-full_width elementor-section-height-min-height elementor-section-height-default elementor-section-items-middle\" data-id=\"4f86467\" data-element_type=\"section\" data-e-type=\"section\" data-settings=\"{&quot;background_background&quot;:&quot;classic&quot;}\">\n\t\t\t\t\t\t<div class=\"elementor-container elementor-column-gap-default\">\n\t\t\t\t\t<div class=\"elementor-column elementor-col-100 elementor-top-column elementor-element elementor-element-a377f8e\" data-id=\"a377f8e\" data-element_type=\"column\" data-e-type=\"column\">\n\t\t\t<div class=\"elementor-widget-wrap\">\n\t\t\t\t\t\t\t<\/div>\n\t\t<\/div>\n\t\t\t\t\t<\/div>\n\t\t<\/section>\n\t\t\t\t<section class=\"elementor-section elementor-top-section elementor-element elementor-element-1116eea7 elementor-section-boxed elementor-section-height-default elementor-section-height-default\" data-id=\"1116eea7\" data-element_type=\"section\" data-e-type=\"section\">\n\t\t\t\t\t\t<div class=\"elementor-container elementor-column-gap-default\">\n\t\t\t\t\t<div class=\"elementor-column elementor-col-100 elementor-top-column elementor-element elementor-element-42be2f9f\" data-id=\"42be2f9f\" data-element_type=\"column\" data-e-type=\"column\" id=\"maincontent\">\n\t\t\t<div class=\"elementor-widget-wrap elementor-element-populated\">\n\t\t\t\t\t\t<div class=\"elementor-element elementor-element-5e74762f elementor-widget elementor-widget-heading\" data-id=\"5e74762f\" data-element_type=\"widget\" data-e-type=\"widget\" data-widget_type=\"heading.default\">\n\t\t\t\t<div class=\"elementor-widget-container\">\n\t\t\t\t\t<h1 class=\"elementor-heading-title elementor-size-default\">Management<\/h1>\t\t\t\t<\/div>\n\t\t\t\t<\/div>\n\t\t\t\t<div class=\"elementor-element elementor-element-4651b580 elementor-widget elementor-widget-text-editor\" data-id=\"4651b580\" data-element_type=\"widget\" data-e-type=\"widget\" data-widget_type=\"text-editor.default\">\n\t\t\t\t<div class=\"elementor-widget-container\">\n\t\t\t\t\t\t\t\t\t<p><img decoding=\"async\" src=\"https:\/\/www.centroambarfi.ch\/wp-content\/uploads\/2020\/01\/beta.jpg\" alt=\"\" width=\"177\" height=\"241\" class=\"size-full wp-image-218 alignleft\" \/>Since 2003, Mr Bejta has been the highly popular manager of CENTRO, a true restaurateur and host. He is the heart and soul of the restaurant. He embodies the tradition of the head chef who is directly available to guests with advice and assistance. Try it out.<\/p>\t\t\t\t\t\t\t\t<\/div>\n\t\t\t\t<\/div>\n\t\t\t\t\t<\/div>\n\t\t<\/div>\n\t\t\t\t\t<\/div>\n\t\t<\/section>\n\t\t\t\t<section class=\"elementor-section elementor-top-section elementor-element elementor-element-1d50be46 elementor-section-boxed elementor-section-height-default elementor-section-height-default\" data-id=\"1d50be46\" data-element_type=\"section\" data-e-type=\"section\">\n\t\t\t\t\t\t<div class=\"elementor-container elementor-column-gap-default\">\n\t\t\t\t\t<div class=\"elementor-column elementor-col-100 elementor-top-column elementor-element elementor-element-6448f31e\" data-id=\"6448f31e\" data-element_type=\"column\" data-e-type=\"column\">\n\t\t\t<div class=\"elementor-widget-wrap elementor-element-populated\">\n\t\t\t\t\t\t<div class=\"elementor-element elementor-element-5831f0b3 elementor-widget elementor-widget-spacer\" data-id=\"5831f0b3\" data-element_type=\"widget\" data-e-type=\"widget\" data-widget_type=\"spacer.default\">\n\t\t\t\t<div class=\"elementor-widget-container\">\n\t\t\t\t\t\t\t<div class=\"elementor-spacer\">\n\t\t\t<div class=\"elementor-spacer-inner\"><\/div>\n\t\t<\/div>\n\t\t\t\t\t\t<\/div>\n\t\t\t\t<\/div>\n\t\t\t\t\t<\/div>\n\t\t<\/div>\n\t\t\t\t\t<\/div>\n\t\t<\/section>\n\t\t\t\t<\/div>","protected":false},"excerpt":{"rendered":"<p>Gesch\u00e4ftsleitung Seit 2003 f\u00fchrt Herr Bejta als allseits beliebter Gesch\u00e4ftsleiter und echter Wirt und Gastgeber das CENTRO. Er ist das Herz und die Seele des Ristorante. Er verk\u00f6rpert noch die Tradition des Chefs, welcher den G\u00e4sten direkt mit Rat und Tat zur Verf\u00fcgung steht. Testen Sie es aus.<\/p>","protected":false},"author":1,"featured_media":0,"parent":0,"menu_order":0,"comment_status":"closed","ping_status":"closed","template":"elementor_header_footer","meta":{"inline_featured_image":false,"footnotes":""},"class_list":["post-216","page","type-page","status-publish","hentry"],"yoast_head":"<!-- This site is optimized with the Yoast SEO plugin v27.4 - https:\/\/yoast.com\/product\/yoast-seo-wordpress\/ -->\n<title>Italienisches Restaurant - Pizzeria: gut essen in Basel | Centro am Barfi<\/title>\n<meta name=\"description\" content=\"Italienisch-mediterran gut essen Sie im Restaurant Centro im Herzen von Basel am Barfi gelegen. \u00dcberzeugen Sie sich selbst vom gem\u00fctzlichen Pizzeria-Restaurant.\" \/>\n<meta name=\"robots\" content=\"index, follow, max-snippet:-1, max-image-preview:large, max-video-preview:-1\" \/>\n<link rel=\"canonical\" href=\"https:\/\/www.centroambarfi.ch\/en\/management\/\" \/>\n<meta property=\"og:locale\" content=\"en_GB\" \/>\n<meta property=\"og:type\" content=\"article\" \/>\n<meta property=\"og:title\" content=\"Italienisches Restaurant - Pizzeria: gut essen in Basel | Centro am Barfi\" \/>\n<meta property=\"og:description\" content=\"Italienisch-mediterran gut essen Sie im Restaurant Centro im Herzen von Basel am Barfi gelegen. \u00dcberzeugen Sie sich selbst vom gem\u00fctzlichen Pizzeria-Restaurant.\" \/>\n<meta property=\"og:url\" content=\"https:\/\/www.centroambarfi.ch\/en\/management\/\" \/>\n<meta property=\"og:site_name\" content=\"Italienisches Restaurant - Pizzeria: gut essen in Basel | Centro am Barfi\" \/>\n<meta property=\"article:modified_time\" content=\"2024-10-07T11:44:54+00:00\" \/>\n<meta property=\"og:image\" content=\"https:\/\/www.centroambarfi.ch\/wp-content\/uploads\/2020\/01\/beta.jpg\" \/>\n<meta name=\"twitter:card\" content=\"summary_large_image\" \/>\n<meta name=\"twitter:label1\" content=\"Estimated reading time\" \/>\n\t<meta name=\"twitter:data1\" content=\"1 minute\" \/>\n<script type=\"application\/ld+json\" class=\"yoast-schema-graph\">{\"@context\":\"https:\\\/\\\/schema.org\",\"@graph\":[{\"@type\":\"WebPage\",\"@id\":\"https:\\\/\\\/www.centroambarfi.ch\\\/geschaeftsleitung\\\/\",\"url\":\"https:\\\/\\\/www.centroambarfi.ch\\\/geschaeftsleitung\\\/\",\"name\":\"Italienisches Restaurant - Pizzeria: gut essen in Basel | Centro am Barfi\",\"isPartOf\":{\"@id\":\"https:\\\/\\\/www.centroambarfi.ch\\\/#website\"},\"primaryImageOfPage\":{\"@id\":\"https:\\\/\\\/www.centroambarfi.ch\\\/geschaeftsleitung\\\/#primaryimage\"},\"image\":{\"@id\":\"https:\\\/\\\/www.centroambarfi.ch\\\/geschaeftsleitung\\\/#primaryimage\"},\"thumbnailUrl\":\"https:\\\/\\\/www.centroambarfi.ch\\\/wp-content\\\/uploads\\\/2020\\\/01\\\/beta.jpg\",\"datePublished\":\"2020-01-29T16:26:35+00:00\",\"dateModified\":\"2024-10-07T11:44:54+00:00\",\"description\":\"Italienisch-mediterran gut essen Sie im Restaurant Centro im Herzen von Basel am Barfi gelegen. \u00dcberzeugen Sie sich selbst vom gem\u00fctzlichen Pizzeria-Restaurant.\",\"breadcrumb\":{\"@id\":\"https:\\\/\\\/www.centroambarfi.ch\\\/geschaeftsleitung\\\/#breadcrumb\"},\"inLanguage\":\"en-GB\",\"potentialAction\":[{\"@type\":\"ReadAction\",\"target\":[\"https:\\\/\\\/www.centroambarfi.ch\\\/geschaeftsleitung\\\/\"]}]},{\"@type\":\"ImageObject\",\"inLanguage\":\"en-GB\",\"@id\":\"https:\\\/\\\/www.centroambarfi.ch\\\/geschaeftsleitung\\\/#primaryimage\",\"url\":\"https:\\\/\\\/www.centroambarfi.ch\\\/wp-content\\\/uploads\\\/2020\\\/01\\\/beta.jpg\",\"contentUrl\":\"https:\\\/\\\/www.centroambarfi.ch\\\/wp-content\\\/uploads\\\/2020\\\/01\\\/beta.jpg\"},{\"@type\":\"BreadcrumbList\",\"@id\":\"https:\\\/\\\/www.centroambarfi.ch\\\/geschaeftsleitung\\\/#breadcrumb\",\"itemListElement\":[{\"@type\":\"ListItem\",\"position\":1,\"name\":\"Startseite\",\"item\":\"https:\\\/\\\/www.centroambarfi.ch\\\/\"},{\"@type\":\"ListItem\",\"position\":2,\"name\":\"Gesch\u00e4ftsleitung\"}]},{\"@type\":\"WebSite\",\"@id\":\"https:\\\/\\\/www.centroambarfi.ch\\\/#website\",\"url\":\"https:\\\/\\\/www.centroambarfi.ch\\\/\",\"name\":\"Italienisches Restaurant - Pizzeria: gut essen in Basel | Centro am Barfi\",\"description\":\"\",\"potentialAction\":[{\"@type\":\"SearchAction\",\"target\":{\"@type\":\"EntryPoint\",\"urlTemplate\":\"https:\\\/\\\/www.centroambarfi.ch\\\/?s={search_term_string}\"},\"query-input\":{\"@type\":\"PropertyValueSpecification\",\"valueRequired\":true,\"valueName\":\"search_term_string\"}}],\"inLanguage\":\"en-GB\"}]}<\/script>\n<!-- \/ Yoast SEO plugin. -->","yoast_head_json":{"title":"Italian Restaurant - Pizzeria: Good food in Basel | Centro am Barfi","description":"Enjoy delicious Italian-Mediterranean cuisine at Restaurant Centro, located in the heart of Basel on Barfi. See for yourself our cosy pizzeria-restaurant.","robots":{"index":"index","follow":"follow","max-snippet":"max-snippet:-1","max-image-preview":"max-image-preview:large","max-video-preview":"max-video-preview:-1"},"canonical":"https:\/\/www.centroambarfi.ch\/en\/management\/","og_locale":"en_GB","og_type":"article","og_title":"Italienisches Restaurant - Pizzeria: gut essen in Basel | Centro am Barfi","og_description":"Italienisch-mediterran gut essen Sie im Restaurant Centro im Herzen von Basel am Barfi gelegen. \u00dcberzeugen Sie sich selbst vom gem\u00fctzlichen Pizzeria-Restaurant.","og_url":"https:\/\/www.centroambarfi.ch\/en\/management\/","og_site_name":"Italienisches Restaurant - Pizzeria: gut essen in Basel | Centro am Barfi","article_modified_time":"2024-10-07T11:44:54+00:00","og_image":[{"url":"https:\/\/www.centroambarfi.ch\/wp-content\/uploads\/2020\/01\/beta.jpg","type":"","width":"","height":""}],"twitter_card":"summary_large_image","twitter_misc":{"Estimated reading time":"1 minute"},"schema":{"@context":"https:\/\/schema.org","@graph":[{"@type":"WebPage","@id":"https:\/\/www.centroambarfi.ch\/geschaeftsleitung\/","url":"https:\/\/www.centroambarfi.ch\/geschaeftsleitung\/","name":"Italian Restaurant - Pizzeria: Good food in Basel | Centro am Barfi","isPartOf":{"@id":"https:\/\/www.centroambarfi.ch\/#website"},"primaryImageOfPage":{"@id":"https:\/\/www.centroambarfi.ch\/geschaeftsleitung\/#primaryimage"},"image":{"@id":"https:\/\/www.centroambarfi.ch\/geschaeftsleitung\/#primaryimage"},"thumbnailUrl":"https:\/\/www.centroambarfi.ch\/wp-content\/uploads\/2020\/01\/beta.jpg","datePublished":"2020-01-29T16:26:35+00:00","dateModified":"2024-10-07T11:44:54+00:00","description":"Enjoy delicious Italian-Mediterranean cuisine at Restaurant Centro, located in the heart of Basel on Barfi. See for yourself our cosy pizzeria-restaurant.","breadcrumb":{"@id":"https:\/\/www.centroambarfi.ch\/geschaeftsleitung\/#breadcrumb"},"inLanguage":"en-GB","potentialAction":[{"@type":"ReadAction","target":["https:\/\/www.centroambarfi.ch\/geschaeftsleitung\/"]}]},{"@type":"ImageObject","inLanguage":"en-GB","@id":"https:\/\/www.centroambarfi.ch\/geschaeftsleitung\/#primaryimage","url":"https:\/\/www.centroambarfi.ch\/wp-content\/uploads\/2020\/01\/beta.jpg","contentUrl":"https:\/\/www.centroambarfi.ch\/wp-content\/uploads\/2020\/01\/beta.jpg"},{"@type":"BreadcrumbList","@id":"https:\/\/www.centroambarfi.ch\/geschaeftsleitung\/#breadcrumb","itemListElement":[{"@type":"ListItem","position":1,"name":"Startseite","item":"https:\/\/www.centroambarfi.ch\/"},{"@type":"ListItem","position":2,"name":"Gesch\u00e4ftsleitung"}]},{"@type":"WebSite","@id":"https:\/\/www.centroambarfi.ch\/#website","url":"https:\/\/www.centroambarfi.ch\/","name":"Italian Restaurant - Pizzeria: Good food in Basel | Centro am Barfi","description":"","potentialAction":[{"@type":"SearchAction","target":{"@type":"EntryPoint","urlTemplate":"https:\/\/www.centroambarfi.ch\/?s={search_term_string}"},"query-input":{"@type":"PropertyValueSpecification","valueRequired":true,"valueName":"search_term_string"}}],"inLanguage":"en-GB"}]}},"_links":{"self":[{"href":"https:\/\/www.centroambarfi.ch\/en\/wp-json\/wp\/v2\/pages\/216","targetHints":{"allow":["GET"]}}],"collection":[{"href":"https:\/\/www.centroambarfi.ch\/en\/wp-json\/wp\/v2\/pages"}],"about":[{"href":"https:\/\/www.centroambarfi.ch\/en\/wp-json\/wp\/v2\/types\/page"}],"author":[{"embeddable":true,"href":"https:\/\/www.centroambarfi.ch\/en\/wp-json\/wp\/v2\/users\/1"}],"replies":[{"embeddable":true,"href":"https:\/\/www.centroambarfi.ch\/en\/wp-json\/wp\/v2\/comments?post=216"}],"version-history":[{"count":46,"href":"https:\/\/www.centroambarfi.ch\/en\/wp-json\/wp\/v2\/pages\/216\/revisions"}],"predecessor-version":[{"id":8253,"href":"https:\/\/www.centroambarfi.ch\/en\/wp-json\/wp\/v2\/pages\/216\/revisions\/8253"}],"wp:attachment":[{"href":"https:\/\/www.centroambarfi.ch\/en\/wp-json\/wp\/v2\/media?parent=216"}],"curies":[{"name":"wp","href":"https:\/\/api.w.org\/{rel}","templated":true}]}}