{"id":230,"date":"2020-01-29T17:29:27","date_gmt":"2020-01-29T16:29:27","guid":{"rendered":"https:\/\/www.centroambarfi.ch\/?page_id=230"},"modified":"2024-10-07T13:45:31","modified_gmt":"2024-10-07T11:45:31","slug":"team","status":"publish","type":"page","link":"https:\/\/www.centroambarfi.ch\/en\/team\/","title":{"rendered":"Team"},"content":{"rendered":"<div data-elementor-type=\"wp-page\" data-elementor-id=\"230\" class=\"elementor elementor-230\" data-elementor-post-type=\"page\">\n\t\t\t\t\t\t<section class=\"elementor-section elementor-top-section elementor-element elementor-element-dafd19c elementor-section-full_width elementor-section-height-min-height elementor-section-height-default elementor-section-items-middle\" data-id=\"dafd19c\" data-element_type=\"section\" data-e-type=\"section\" data-settings=\"{&quot;background_background&quot;:&quot;classic&quot;}\">\n\t\t\t\t\t\t<div class=\"elementor-container elementor-column-gap-default\">\n\t\t\t\t\t<div class=\"elementor-column elementor-col-100 elementor-top-column elementor-element elementor-element-1c10d1e\" data-id=\"1c10d1e\" data-element_type=\"column\" data-e-type=\"column\">\n\t\t\t<div class=\"elementor-widget-wrap\">\n\t\t\t\t\t\t\t<\/div>\n\t\t<\/div>\n\t\t\t\t\t<\/div>\n\t\t<\/section>\n\t\t\t\t<section class=\"elementor-section elementor-top-section elementor-element elementor-element-75b5a639 elementor-section-boxed elementor-section-height-default elementor-section-height-default\" data-id=\"75b5a639\" data-element_type=\"section\" data-e-type=\"section\">\n\t\t\t\t\t\t<div class=\"elementor-container elementor-column-gap-default\">\n\t\t\t\t\t<div class=\"elementor-column elementor-col-100 elementor-top-column elementor-element elementor-element-a4f4028\" data-id=\"a4f4028\" data-element_type=\"column\" data-e-type=\"column\" id=\"maincontent\">\n\t\t\t<div class=\"elementor-widget-wrap elementor-element-populated\">\n\t\t\t\t\t\t<div class=\"elementor-element elementor-element-3c2483fc elementor-widget elementor-widget-heading\" data-id=\"3c2483fc\" data-element_type=\"widget\" data-e-type=\"widget\" data-widget_type=\"heading.default\">\n\t\t\t\t<div class=\"elementor-widget-container\">\n\t\t\t\t\t<h1 class=\"elementor-heading-title elementor-size-default\">Team<\/h1>\t\t\t\t<\/div>\n\t\t\t\t<\/div>\n\t\t\t\t<div class=\"elementor-element elementor-element-4ba6511c elementor-widget elementor-widget-text-editor\" data-id=\"4ba6511c\" data-element_type=\"widget\" data-e-type=\"widget\" data-widget_type=\"text-editor.default\">\n\t\t\t\t<div class=\"elementor-widget-container\">\n\t\t\t\t\t\t\t\t\tThe managing director, Mr Bejta, has succeeded in gathering employees around him who have mostly been working at CENTRO am Barfi for years. This continuity in the kitchen and service is greatly appreciated by the numerous regular customers.\t\t\t\t\t\t\t\t<\/div>\n\t\t\t\t<\/div>\n\t\t\t\t<div class=\"elementor-element elementor-element-1308791 elementor-widget elementor-widget-spacer\" data-id=\"1308791\" data-element_type=\"widget\" data-e-type=\"widget\" data-widget_type=\"spacer.default\">\n\t\t\t\t<div class=\"elementor-widget-container\">\n\t\t\t\t\t\t\t<div class=\"elementor-spacer\">\n\t\t\t<div class=\"elementor-spacer-inner\"><\/div>\n\t\t<\/div>\n\t\t\t\t\t\t<\/div>\n\t\t\t\t<\/div>\n\t\t\t\t<div class=\"elementor-element elementor-element-2873aa0 elementor-arrows-position-inside elementor-pagination-position-outside elementor-widget elementor-widget-image-carousel\" data-id=\"2873aa0\" data-element_type=\"widget\" data-e-type=\"widget\" data-settings=\"{&quot;slides_to_show&quot;:&quot;1&quot;,&quot;navigation&quot;:&quot;both&quot;,&quot;autoplay&quot;:&quot;yes&quot;,&quot;pause_on_hover&quot;:&quot;yes&quot;,&quot;pause_on_interaction&quot;:&quot;yes&quot;,&quot;autoplay_speed&quot;:5000,&quot;infinite&quot;:&quot;yes&quot;,&quot;effect&quot;:&quot;slide&quot;,&quot;speed&quot;:500}\" data-widget_type=\"image-carousel.default\">\n\t\t\t\t<div class=\"elementor-widget-container\">\n\t\t\t\t\t\t\t<div class=\"elementor-image-carousel-wrapper swiper\" role=\"region\" aria-roledescription=\"carousel\" aria-label=\"Image Carousel\" dir=\"ltr\">\n\t\t\t<div class=\"elementor-image-carousel swiper-wrapper swiper-image-stretch\" aria-live=\"off\">\n\t\t\t\t\t\t\t\t<div class=\"swiper-slide\" role=\"group\" aria-roledescription=\"slide\" aria-label=\"1 of 1\" data-no-translation-aria-label=\"\"><figure class=\"swiper-slide-inner\"><img decoding=\"async\" class=\"swiper-slide-image\" src=\"https:\/\/www.centroambarfi.ch\/wp-content\/uploads\/2021\/12\/Centro_02_131-1-1024x600.png\" alt=\"Team Centro\" \/><figcaption class=\"elementor-image-carousel-caption\">Team Centro<\/figcaption><\/figure><\/div>\t\t\t<\/div>\n\t\t\t\t\t<\/div>\n\t\t\t\t\t\t<\/div>\n\t\t\t\t<\/div>\n\t\t\t\t\t<\/div>\n\t\t<\/div>\n\t\t\t\t\t<\/div>\n\t\t<\/section>\n\t\t\t\t<section class=\"elementor-section elementor-top-section elementor-element elementor-element-1282c0c2 elementor-section-boxed elementor-section-height-default elementor-section-height-default\" data-id=\"1282c0c2\" data-element_type=\"section\" data-e-type=\"section\">\n\t\t\t\t\t\t<div class=\"elementor-container elementor-column-gap-default\">\n\t\t\t\t\t<div class=\"elementor-column elementor-col-100 elementor-top-column elementor-element elementor-element-578392bb\" data-id=\"578392bb\" data-element_type=\"column\" data-e-type=\"column\">\n\t\t\t<div class=\"elementor-widget-wrap elementor-element-populated\">\n\t\t\t\t\t\t<div class=\"elementor-element elementor-element-5cfed253 elementor-widget elementor-widget-spacer\" data-id=\"5cfed253\" data-element_type=\"widget\" data-e-type=\"widget\" data-widget_type=\"spacer.default\">\n\t\t\t\t<div class=\"elementor-widget-container\">\n\t\t\t\t\t\t\t<div class=\"elementor-spacer\">\n\t\t\t<div class=\"elementor-spacer-inner\"><\/div>\n\t\t<\/div>\n\t\t\t\t\t\t<\/div>\n\t\t\t\t<\/div>\n\t\t\t\t\t<\/div>\n\t\t<\/div>\n\t\t\t\t\t<\/div>\n\t\t<\/section>\n\t\t\t\t<\/div>","protected":false},"excerpt":{"rendered":"<p>Team Der Gesch\u00e4ftsleiter, Herr Bejta, hat es verstanden, Mitarbeiter um sich zu scharen, welche gr\u00f6sstenteils seit Jahren im CENTRO am Barfi t\u00e4tig sind. Diese Kontinuit\u00e4t in K\u00fcche und Service wissen die zahlreichen Stammg\u00e4ste ganz besonders zu sch\u00e4tzen. Team Centro<\/p>","protected":false},"author":1,"featured_media":0,"parent":0,"menu_order":0,"comment_status":"closed","ping_status":"closed","template":"elementor_header_footer","meta":{"inline_featured_image":false,"footnotes":""},"class_list":["post-230","page","type-page","status-publish","hentry"],"yoast_head":"<!-- This site is optimized with the Yoast SEO plugin v27.4 - https:\/\/yoast.com\/product\/yoast-seo-wordpress\/ -->\n<title>Italienisches Restaurant - Pizzeria: gut essen in Basel | Centro am Barfi<\/title>\n<meta name=\"description\" content=\"Italienisch-mediterran gut essen Sie im Restaurant Centro im Herzen von Basel am Barfi gelegen. \u00dcberzeugen Sie sich selbst vom gem\u00fctzlichen Pizzeria-Restaurant.\" \/>\n<meta name=\"robots\" content=\"index, follow, max-snippet:-1, max-image-preview:large, max-video-preview:-1\" \/>\n<link rel=\"canonical\" href=\"https:\/\/www.centroambarfi.ch\/en\/team\/\" \/>\n<meta property=\"og:locale\" content=\"en_GB\" \/>\n<meta property=\"og:type\" content=\"article\" \/>\n<meta property=\"og:title\" content=\"Italienisches Restaurant - Pizzeria: gut essen in Basel | Centro am Barfi\" \/>\n<meta property=\"og:description\" content=\"Italienisch-mediterran gut essen Sie im Restaurant Centro im Herzen von Basel am Barfi gelegen. \u00dcberzeugen Sie sich selbst vom gem\u00fctzlichen Pizzeria-Restaurant.\" \/>\n<meta property=\"og:url\" content=\"https:\/\/www.centroambarfi.ch\/en\/team\/\" \/>\n<meta property=\"og:site_name\" content=\"Italienisches Restaurant - Pizzeria: gut essen in Basel | Centro am Barfi\" \/>\n<meta property=\"article:modified_time\" content=\"2024-10-07T11:45:31+00:00\" \/>\n<meta property=\"og:image\" content=\"https:\/\/www.centroambarfi.ch\/wp-content\/uploads\/2021\/12\/Centro_02_131-1-1024x600.png\" \/>\n<meta name=\"twitter:card\" content=\"summary_large_image\" \/>\n<meta name=\"twitter:label1\" content=\"Estimated reading time\" \/>\n\t<meta name=\"twitter:data1\" content=\"1 minute\" \/>\n<script type=\"application\/ld+json\" class=\"yoast-schema-graph\">{\"@context\":\"https:\\\/\\\/schema.org\",\"@graph\":[{\"@type\":\"WebPage\",\"@id\":\"https:\\\/\\\/www.centroambarfi.ch\\\/team\\\/\",\"url\":\"https:\\\/\\\/www.centroambarfi.ch\\\/team\\\/\",\"name\":\"Italienisches Restaurant - Pizzeria: gut essen in Basel | Centro am Barfi\",\"isPartOf\":{\"@id\":\"https:\\\/\\\/www.centroambarfi.ch\\\/#website\"},\"primaryImageOfPage\":{\"@id\":\"https:\\\/\\\/www.centroambarfi.ch\\\/team\\\/#primaryimage\"},\"image\":{\"@id\":\"https:\\\/\\\/www.centroambarfi.ch\\\/team\\\/#primaryimage\"},\"thumbnailUrl\":\"https:\\\/\\\/www.centroambarfi.ch\\\/wp-content\\\/uploads\\\/2021\\\/12\\\/Centro_02_131-1-1024x600.png\",\"datePublished\":\"2020-01-29T16:29:27+00:00\",\"dateModified\":\"2024-10-07T11:45:31+00:00\",\"description\":\"Italienisch-mediterran gut essen Sie im Restaurant Centro im Herzen von Basel am Barfi gelegen. \u00dcberzeugen Sie sich selbst vom gem\u00fctzlichen Pizzeria-Restaurant.\",\"breadcrumb\":{\"@id\":\"https:\\\/\\\/www.centroambarfi.ch\\\/team\\\/#breadcrumb\"},\"inLanguage\":\"en-GB\",\"potentialAction\":[{\"@type\":\"ReadAction\",\"target\":[\"https:\\\/\\\/www.centroambarfi.ch\\\/team\\\/\"]}]},{\"@type\":\"ImageObject\",\"inLanguage\":\"en-GB\",\"@id\":\"https:\\\/\\\/www.centroambarfi.ch\\\/team\\\/#primaryimage\",\"url\":\"https:\\\/\\\/www.centroambarfi.ch\\\/wp-content\\\/uploads\\\/2021\\\/12\\\/Centro_02_131-1-1024x600.png\",\"contentUrl\":\"https:\\\/\\\/www.centroambarfi.ch\\\/wp-content\\\/uploads\\\/2021\\\/12\\\/Centro_02_131-1-1024x600.png\"},{\"@type\":\"BreadcrumbList\",\"@id\":\"https:\\\/\\\/www.centroambarfi.ch\\\/team\\\/#breadcrumb\",\"itemListElement\":[{\"@type\":\"ListItem\",\"position\":1,\"name\":\"Startseite\",\"item\":\"https:\\\/\\\/www.centroambarfi.ch\\\/\"},{\"@type\":\"ListItem\",\"position\":2,\"name\":\"Team\"}]},{\"@type\":\"WebSite\",\"@id\":\"https:\\\/\\\/www.centroambarfi.ch\\\/#website\",\"url\":\"https:\\\/\\\/www.centroambarfi.ch\\\/\",\"name\":\"Italienisches Restaurant - Pizzeria: gut essen in Basel | Centro am Barfi\",\"description\":\"\",\"potentialAction\":[{\"@type\":\"SearchAction\",\"target\":{\"@type\":\"EntryPoint\",\"urlTemplate\":\"https:\\\/\\\/www.centroambarfi.ch\\\/?s={search_term_string}\"},\"query-input\":{\"@type\":\"PropertyValueSpecification\",\"valueRequired\":true,\"valueName\":\"search_term_string\"}}],\"inLanguage\":\"en-GB\"}]}<\/script>\n<!-- \/ Yoast SEO plugin. -->","yoast_head_json":{"title":"Italian Restaurant - Pizzeria: Good food in Basel | Centro am Barfi","description":"Enjoy delicious Italian-Mediterranean cuisine at Restaurant Centro, located in the heart of Basel on Barfi. See for yourself our cosy pizzeria-restaurant.","robots":{"index":"index","follow":"follow","max-snippet":"max-snippet:-1","max-image-preview":"max-image-preview:large","max-video-preview":"max-video-preview:-1"},"canonical":"https:\/\/www.centroambarfi.ch\/en\/team\/","og_locale":"en_GB","og_type":"article","og_title":"Italienisches Restaurant - Pizzeria: gut essen in Basel | Centro am Barfi","og_description":"Italienisch-mediterran gut essen Sie im Restaurant Centro im Herzen von Basel am Barfi gelegen. \u00dcberzeugen Sie sich selbst vom gem\u00fctzlichen Pizzeria-Restaurant.","og_url":"https:\/\/www.centroambarfi.ch\/en\/team\/","og_site_name":"Italienisches Restaurant - Pizzeria: gut essen in Basel | Centro am Barfi","article_modified_time":"2024-10-07T11:45:31+00:00","og_image":[{"url":"https:\/\/www.centroambarfi.ch\/wp-content\/uploads\/2021\/12\/Centro_02_131-1-1024x600.png","type":"","width":"","height":""}],"twitter_card":"summary_large_image","twitter_misc":{"Estimated reading time":"1 minute"},"schema":{"@context":"https:\/\/schema.org","@graph":[{"@type":"WebPage","@id":"https:\/\/www.centroambarfi.ch\/team\/","url":"https:\/\/www.centroambarfi.ch\/team\/","name":"Italian Restaurant - Pizzeria: Good food in Basel | Centro am Barfi","isPartOf":{"@id":"https:\/\/www.centroambarfi.ch\/#website"},"primaryImageOfPage":{"@id":"https:\/\/www.centroambarfi.ch\/team\/#primaryimage"},"image":{"@id":"https:\/\/www.centroambarfi.ch\/team\/#primaryimage"},"thumbnailUrl":"https:\/\/www.centroambarfi.ch\/wp-content\/uploads\/2021\/12\/Centro_02_131-1-1024x600.png","datePublished":"2020-01-29T16:29:27+00:00","dateModified":"2024-10-07T11:45:31+00:00","description":"Enjoy delicious Italian-Mediterranean cuisine at Restaurant Centro, located in the heart of Basel on Barfi. See for yourself our cosy pizzeria-restaurant.","breadcrumb":{"@id":"https:\/\/www.centroambarfi.ch\/team\/#breadcrumb"},"inLanguage":"en-GB","potentialAction":[{"@type":"ReadAction","target":["https:\/\/www.centroambarfi.ch\/team\/"]}]},{"@type":"ImageObject","inLanguage":"en-GB","@id":"https:\/\/www.centroambarfi.ch\/team\/#primaryimage","url":"https:\/\/www.centroambarfi.ch\/wp-content\/uploads\/2021\/12\/Centro_02_131-1-1024x600.png","contentUrl":"https:\/\/www.centroambarfi.ch\/wp-content\/uploads\/2021\/12\/Centro_02_131-1-1024x600.png"},{"@type":"BreadcrumbList","@id":"https:\/\/www.centroambarfi.ch\/team\/#breadcrumb","itemListElement":[{"@type":"ListItem","position":1,"name":"Startseite","item":"https:\/\/www.centroambarfi.ch\/"},{"@type":"ListItem","position":2,"name":"Team"}]},{"@type":"WebSite","@id":"https:\/\/www.centroambarfi.ch\/#website","url":"https:\/\/www.centroambarfi.ch\/","name":"Italian Restaurant - Pizzeria: Good food in Basel | Centro am Barfi","description":"","potentialAction":[{"@type":"SearchAction","target":{"@type":"EntryPoint","urlTemplate":"https:\/\/www.centroambarfi.ch\/?s={search_term_string}"},"query-input":{"@type":"PropertyValueSpecification","valueRequired":true,"valueName":"search_term_string"}}],"inLanguage":"en-GB"}]}},"_links":{"self":[{"href":"https:\/\/www.centroambarfi.ch\/en\/wp-json\/wp\/v2\/pages\/230","targetHints":{"allow":["GET"]}}],"collection":[{"href":"https:\/\/www.centroambarfi.ch\/en\/wp-json\/wp\/v2\/pages"}],"about":[{"href":"https:\/\/www.centroambarfi.ch\/en\/wp-json\/wp\/v2\/types\/page"}],"author":[{"embeddable":true,"href":"https:\/\/www.centroambarfi.ch\/en\/wp-json\/wp\/v2\/users\/1"}],"replies":[{"embeddable":true,"href":"https:\/\/www.centroambarfi.ch\/en\/wp-json\/wp\/v2\/comments?post=230"}],"version-history":[{"count":45,"href":"https:\/\/www.centroambarfi.ch\/en\/wp-json\/wp\/v2\/pages\/230\/revisions"}],"predecessor-version":[{"id":8259,"href":"https:\/\/www.centroambarfi.ch\/en\/wp-json\/wp\/v2\/pages\/230\/revisions\/8259"}],"wp:attachment":[{"href":"https:\/\/www.centroambarfi.ch\/en\/wp-json\/wp\/v2\/media?parent=230"}],"curies":[{"name":"wp","href":"https:\/\/api.w.org\/{rel}","templated":true}]}}