{"id":7248,"date":"2024-07-22T12:44:47","date_gmt":"2024-07-22T10:44:47","guid":{"rendered":"https:\/\/www.centroambarfi.ch\/?page_id=7248"},"modified":"2026-04-14T11:24:34","modified_gmt":"2026-04-14T09:24:34","slug":"home-new","status":"publish","type":"page","link":"https:\/\/www.centroambarfi.ch\/en\/","title":{"rendered":"Home"},"content":{"rendered":"\t\t<div data-elementor-type=\"wp-page\" data-elementor-id=\"7248\" class=\"elementor elementor-7248\" data-elementor-post-type=\"page\">\n\t\t\t\t\t\t<section class=\"elementor-section elementor-top-section elementor-element elementor-element-66389c4 elementor-section-height-min-height elementor-section-items-stretch elementor-section-content-space-between elementor-section-boxed elementor-section-height-default\" data-id=\"66389c4\" data-element_type=\"section\" data-e-type=\"section\" data-settings=\"{&quot;background_background&quot;:&quot;slideshow&quot;,&quot;background_slideshow_gallery&quot;:[{&quot;id&quot;:3438,&quot;url&quot;:&quot;https:\\\/\\\/www.centroambarfi.ch\\\/wp-content\\\/uploads\\\/2022\\\/02\\\/Centro_01_014-scaled.jpg&quot;},{&quot;id&quot;:3540,&quot;url&quot;:&quot;https:\\\/\\\/www.centroambarfi.ch\\\/wp-content\\\/uploads\\\/2022\\\/02\\\/Centro_01_001-scaled.jpg&quot;},{&quot;id&quot;:3444,&quot;url&quot;:&quot;https:\\\/\\\/www.centroambarfi.ch\\\/wp-content\\\/uploads\\\/2022\\\/02\\\/Centro_01_067-2-scaled.jpg&quot;},{&quot;id&quot;:3449,&quot;url&quot;:&quot;https:\\\/\\\/www.centroambarfi.ch\\\/wp-content\\\/uploads\\\/2022\\\/02\\\/Centro_01_079-2-scaled.jpg&quot;},{&quot;id&quot;:3451,&quot;url&quot;:&quot;https:\\\/\\\/www.centroambarfi.ch\\\/wp-content\\\/uploads\\\/2022\\\/02\\\/Centro_01_082-2-scaled.jpg&quot;},{&quot;id&quot;:3453,&quot;url&quot;:&quot;https:\\\/\\\/www.centroambarfi.ch\\\/wp-content\\\/uploads\\\/2022\\\/02\\\/Centro_01_076-2-scaled.jpg&quot;},{&quot;id&quot;:3454,&quot;url&quot;:&quot;https:\\\/\\\/www.centroambarfi.ch\\\/wp-content\\\/uploads\\\/2022\\\/02\\\/Centro_01_083-2-scaled.jpg&quot;}],&quot;background_slideshow_transition_duration&quot;:2500,&quot;background_slideshow_loop&quot;:&quot;yes&quot;,&quot;background_slideshow_slide_duration&quot;:5000,&quot;background_slideshow_slide_transition&quot;:&quot;fade&quot;}\">\n\t\t\t\t\t\t\t<div class=\"elementor-background-overlay\"><\/div>\n\t\t\t\t\t\t\t<div class=\"elementor-container elementor-column-gap-default\">\n\t\t\t\t\t<div class=\"elementor-column elementor-col-100 elementor-top-column elementor-element elementor-element-7a59e3e\" data-id=\"7a59e3e\" data-element_type=\"column\" data-e-type=\"column\">\n\t\t\t<div class=\"elementor-widget-wrap elementor-element-populated\">\n\t\t\t\t\t\t<div class=\"elementor-element elementor-element-d4289d9 elementor-widget elementor-widget-spacer\" data-id=\"d4289d9\" data-element_type=\"widget\" data-e-type=\"widget\" data-widget_type=\"spacer.default\">\n\t\t\t\t<div class=\"elementor-widget-container\">\n\t\t\t\t\t\t\t<div class=\"elementor-spacer\">\n\t\t\t<div class=\"elementor-spacer-inner\"><\/div>\n\t\t<\/div>\n\t\t\t\t\t\t<\/div>\n\t\t\t\t<\/div>\n\t\t\t\t<div class=\"elementor-element elementor-element-c048223 elementor-invisible elementor-widget elementor-widget-heading\" data-id=\"c048223\" data-element_type=\"widget\" data-e-type=\"widget\" data-settings=\"{&quot;_animation&quot;:&quot;slideInUp&quot;}\" data-widget_type=\"heading.default\">\n\t\t\t\t<div class=\"elementor-widget-container\">\n\t\t\t\t\t<p class=\"elementor-heading-title elementor-size-default\"><b>Willkommen<\/b> <br>im Restaurant <br>Centro am Barfi<br> in Basel<\/p>\t\t\t\t<\/div>\n\t\t\t\t<\/div>\n\t\t\t\t<div class=\"elementor-element elementor-element-847c186 elementor-align-justify elementor-widget__width-initial elementor-widget elementor-widget-button\" data-id=\"847c186\" data-element_type=\"widget\" data-e-type=\"widget\" data-widget_type=\"button.default\">\n\t\t\t\t<div class=\"elementor-widget-container\">\n\t\t\t\t\t\t\t\t\t<div class=\"elementor-button-wrapper\">\n\t\t\t\t\t<a class=\"elementor-button elementor-button-link elementor-size-sm elementor-animation-float\" href=\"#elementor-action%3Aaction%3Dpopup%3Aopen%26settings%3DeyJpZCI6Ijc0ODciLCJ0b2dnbGUiOmZhbHNlfQ%3D%3D\">\n\t\t\t\t\t\t<span class=\"elementor-button-content-wrapper\">\n\t\t\t\t\t\t\t\t\t<span class=\"elementor-button-text\">Tagesmen\u00fc<\/span>\n\t\t\t\t\t<\/span>\n\t\t\t\t\t<\/a>\n\t\t\t\t<\/div>\n\t\t\t\t\t\t\t\t<\/div>\n\t\t\t\t<\/div>\n\t\t\t\t<div class=\"elementor-element elementor-element-8e06817 elementor-align-justify elementor-widget__width-initial elementor-widget elementor-widget-button\" data-id=\"8e06817\" data-element_type=\"widget\" data-e-type=\"widget\" data-widget_type=\"button.default\">\n\t\t\t\t<div class=\"elementor-widget-container\">\n\t\t\t\t\t\t\t\t\t<div class=\"elementor-button-wrapper\">\n\t\t\t\t\t<a class=\"elementor-button elementor-button-link elementor-size-sm elementor-animation-float\" href=\"#elementor-action%3Aaction%3Dpopup%3Aopen%26settings%3DeyJpZCI6IjczODQiLCJ0b2dnbGUiOmZhbHNlfQ%3D%3D\">\n\t\t\t\t\t\t<span class=\"elementor-button-content-wrapper\">\n\t\t\t\t\t\t\t\t\t<span class=\"elementor-button-text\">Tisch Reservieren<\/span>\n\t\t\t\t\t<\/span>\n\t\t\t\t\t<\/a>\n\t\t\t\t<\/div>\n\t\t\t\t\t\t\t\t<\/div>\n\t\t\t\t<\/div>\n\t\t\t\t<div class=\"elementor-element elementor-element-4b24620 elementor-align-justify elementor-widget__width-initial elementor-widget elementor-widget-button\" data-id=\"4b24620\" data-element_type=\"widget\" data-e-type=\"widget\" data-widget_type=\"button.default\">\n\t\t\t\t<div class=\"elementor-widget-container\">\n\t\t\t\t\t\t\t\t\t<div class=\"elementor-button-wrapper\">\n\t\t\t\t\t<a class=\"elementor-button elementor-button-link elementor-size-sm elementor-animation-float\" href=\"https:\/\/360viewportal.com\/2021\/Centro-am-Barfi\/\" target=\"_blank\">\n\t\t\t\t\t\t<span class=\"elementor-button-content-wrapper\">\n\t\t\t\t\t\t\t\t\t<span class=\"elementor-button-text\">Virtueller Rundgang<\/span>\n\t\t\t\t\t<\/span>\n\t\t\t\t\t<\/a>\n\t\t\t\t<\/div>\n\t\t\t\t\t\t\t\t<\/div>\n\t\t\t\t<\/div>\n\t\t\t\t<div class=\"elementor-element elementor-element-5983848 elementor-widget__width-inherit elementor-widget elementor-widget-text-editor\" data-id=\"5983848\" data-element_type=\"widget\" data-e-type=\"widget\" data-widget_type=\"text-editor.default\">\n\t\t\t\t<div class=\"elementor-widget-container\">\n\t\t\t\t\t\t\t\t\t<p><strong>Sie m\u00f6chten mitten in der Stadt Basel gern typisch und gut italienisch-mediterran essen? Mit dem Ristorante-Pizzeria CENTRO am Barfi treffen Sie die richtige Wahl.<\/strong><\/p><p>Mit seiner gem\u00fctlich-eleganten Einrichtung und dem Blick \u00fcber den Barf\u00fcsserplatz vermittelt das Pizzeria-Restaurant CENTRO eine angenehme Atmosph\u00e4re der Entspannung. Hier l\u00e4sst es sich richtig wohl sein. Sowohl beim gepflegten, raschen und g\u00fcnstigen Mittagslunch als auch beim genussvollen, italienischen Abendessen zu zweit, mit Freunden, Kollegen oder Gesch\u00e4ftspartnern.<\/p><p>\u00a0<\/p>\t\t\t\t\t\t\t\t<\/div>\n\t\t\t\t<\/div>\n\t\t\t\t\t<\/div>\n\t\t<\/div>\n\t\t\t\t\t<\/div>\n\t\t<\/section>\n\t\t\t\t<section class=\"elementor-section elementor-top-section elementor-element elementor-element-a01cc00 elementor-section-boxed elementor-section-height-default elementor-section-height-default\" data-id=\"a01cc00\" data-element_type=\"section\" data-e-type=\"section\" data-settings=\"{&quot;background_background&quot;:&quot;classic&quot;}\">\n\t\t\t\t\t\t<div class=\"elementor-container elementor-column-gap-default\">\n\t\t\t\t\t<div class=\"elementor-column elementor-col-100 elementor-top-column elementor-element elementor-element-3fecfaf elementor-hidden-desktop elementor-hidden-tablet elementor-hidden-mobile\" data-id=\"3fecfaf\" data-element_type=\"column\" data-e-type=\"column\">\n\t\t\t<div class=\"elementor-widget-wrap elementor-element-populated\">\n\t\t\t\t\t\t<div class=\"elementor-element elementor-element-5e15658 elementor-widget__width-initial elementor-hidden-desktop elementor-hidden-tablet elementor-hidden-mobile elementor-widget elementor-widget-text-editor\" data-id=\"5e15658\" data-element_type=\"widget\" data-e-type=\"widget\" data-widget_type=\"text-editor.default\">\n\t\t\t\t<div class=\"elementor-widget-container\">\n\t\t\t\t\t\t\t\t\t<p><strong>\u00d6ffnungszeiten Ostern 2026<\/strong><\/p><p>Karfreitag: ab 18:00 Uhr ge\u00f6ffnet<\/p><p>Ostersonntag: normal ge\u00f6ffnet<\/p><p>Ostermontag: ab 18:00 Uhr ge\u00f6ffnet<\/p>\t\t\t\t\t\t\t\t<\/div>\n\t\t\t\t<\/div>\n\t\t\t\t\t<\/div>\n\t\t<\/div>\n\t\t\t\t\t<\/div>\n\t\t<\/section>\n\t\t\t\t<\/div>\n\t\t","protected":false},"excerpt":{"rendered":"<p>Willkommen im Restaurant Centro am Barfi in Basel Tagesmen\u00fc Tisch Reservieren Virtueller Rundgang Sie m\u00f6chten mitten in der Stadt Basel gern typisch und gut italienisch-mediterran essen? Mit dem Ristorante-Pizzeria CENTRO am Barfi treffen Sie die richtige Wahl. Mit seiner gem\u00fctlich-eleganten Einrichtung und dem Blick \u00fcber den Barf\u00fcsserplatz vermittelt das Pizzeria-Restaurant CENTRO eine angenehme Atmosph\u00e4re der [&hellip;]<\/p>\n","protected":false},"author":1,"featured_media":0,"parent":0,"menu_order":0,"comment_status":"closed","ping_status":"closed","template":"elementor_header_footer","meta":{"inline_featured_image":false,"footnotes":""},"class_list":["post-7248","page","type-page","status-publish","hentry"],"yoast_head":"<!-- This site is optimized with the Yoast SEO plugin v27.4 - https:\/\/yoast.com\/product\/yoast-seo-wordpress\/ -->\n<title>Italienisches Restaurant - Pizzeria: gut essen in Basel | Centro am Barfi<\/title>\n<meta name=\"description\" content=\"Italienisch-mediterran gut essen Sie im Restaurant Centro im Herzen von Basel am Barfi gelegen. \u00dcberzeugen Sie sich selbst vom gem\u00fctzlichen Pizzeria-Restaurant.\" \/>\n<meta name=\"robots\" content=\"index, follow, max-snippet:-1, max-image-preview:large, max-video-preview:-1\" \/>\n<link rel=\"canonical\" href=\"https:\/\/www.centroambarfi.ch\/en\/\" \/>\n<meta property=\"og:locale\" content=\"en_GB\" \/>\n<meta property=\"og:type\" content=\"article\" \/>\n<meta property=\"og:title\" content=\"Italienisches Restaurant - Pizzeria: gut essen in Basel | Centro am Barfi\" \/>\n<meta property=\"og:description\" content=\"Italienisch-mediterran gut essen Sie im Restaurant Centro im Herzen von Basel am Barfi gelegen. \u00dcberzeugen Sie sich selbst vom gem\u00fctzlichen Pizzeria-Restaurant.\" \/>\n<meta property=\"og:url\" content=\"https:\/\/www.centroambarfi.ch\/en\/\" \/>\n<meta property=\"og:site_name\" content=\"Italienisches Restaurant - Pizzeria: gut essen in Basel | Centro am Barfi\" \/>\n<meta property=\"article:modified_time\" content=\"2026-04-14T09:24:34+00:00\" \/>\n<meta name=\"twitter:card\" content=\"summary_large_image\" \/>\n<meta name=\"twitter:label1\" content=\"Estimated reading time\" \/>\n\t<meta name=\"twitter:data1\" content=\"1 minute\" \/>\n<script type=\"application\/ld+json\" class=\"yoast-schema-graph\">{\"@context\":\"https:\\\/\\\/schema.org\",\"@graph\":[{\"@type\":\"WebPage\",\"@id\":\"https:\\\/\\\/www.centroambarfi.ch\\\/\",\"url\":\"https:\\\/\\\/www.centroambarfi.ch\\\/\",\"name\":\"Italienisches Restaurant - Pizzeria: gut essen in Basel | Centro am Barfi\",\"isPartOf\":{\"@id\":\"https:\\\/\\\/www.centroambarfi.ch\\\/#website\"},\"datePublished\":\"2024-07-22T10:44:47+00:00\",\"dateModified\":\"2026-04-14T09:24:34+00:00\",\"description\":\"Italienisch-mediterran gut essen Sie im Restaurant Centro im Herzen von Basel am Barfi gelegen. \u00dcberzeugen Sie sich selbst vom gem\u00fctzlichen Pizzeria-Restaurant.\",\"breadcrumb\":{\"@id\":\"https:\\\/\\\/www.centroambarfi.ch\\\/#breadcrumb\"},\"inLanguage\":\"en-GB\",\"potentialAction\":[{\"@type\":\"ReadAction\",\"target\":[\"https:\\\/\\\/www.centroambarfi.ch\\\/\"]}]},{\"@type\":\"BreadcrumbList\",\"@id\":\"https:\\\/\\\/www.centroambarfi.ch\\\/#breadcrumb\",\"itemListElement\":[{\"@type\":\"ListItem\",\"position\":1,\"name\":\"Startseite\",\"item\":\"https:\\\/\\\/www.centroambarfi.ch\\\/\"},{\"@type\":\"ListItem\",\"position\":2,\"name\":\"Home\"}]},{\"@type\":\"WebSite\",\"@id\":\"https:\\\/\\\/www.centroambarfi.ch\\\/#website\",\"url\":\"https:\\\/\\\/www.centroambarfi.ch\\\/\",\"name\":\"Italienisches Restaurant - Pizzeria: gut essen in Basel | Centro am Barfi\",\"description\":\"\",\"potentialAction\":[{\"@type\":\"SearchAction\",\"target\":{\"@type\":\"EntryPoint\",\"urlTemplate\":\"https:\\\/\\\/www.centroambarfi.ch\\\/?s={search_term_string}\"},\"query-input\":{\"@type\":\"PropertyValueSpecification\",\"valueRequired\":true,\"valueName\":\"search_term_string\"}}],\"inLanguage\":\"en-GB\"}]}<\/script>\n<!-- \/ Yoast SEO plugin. -->","yoast_head_json":{"title":"Italian Restaurant - Pizzeria: Good food in Basel | Centro am Barfi","description":"Enjoy delicious Italian-Mediterranean cuisine at Restaurant Centro, located in the heart of Basel on Barfi. See for yourself our cosy pizzeria-restaurant.","robots":{"index":"index","follow":"follow","max-snippet":"max-snippet:-1","max-image-preview":"max-image-preview:large","max-video-preview":"max-video-preview:-1"},"canonical":"https:\/\/www.centroambarfi.ch\/en\/","og_locale":"en_GB","og_type":"article","og_title":"Italienisches Restaurant - Pizzeria: gut essen in Basel | Centro am Barfi","og_description":"Italienisch-mediterran gut essen Sie im Restaurant Centro im Herzen von Basel am Barfi gelegen. \u00dcberzeugen Sie sich selbst vom gem\u00fctzlichen Pizzeria-Restaurant.","og_url":"https:\/\/www.centroambarfi.ch\/en\/","og_site_name":"Italienisches Restaurant - Pizzeria: gut essen in Basel | Centro am Barfi","article_modified_time":"2026-04-14T09:24:34+00:00","twitter_card":"summary_large_image","twitter_misc":{"Estimated reading time":"1 minute"},"schema":{"@context":"https:\/\/schema.org","@graph":[{"@type":"WebPage","@id":"https:\/\/www.centroambarfi.ch\/","url":"https:\/\/www.centroambarfi.ch\/","name":"Italian Restaurant - Pizzeria: Good food in Basel | Centro am Barfi","isPartOf":{"@id":"https:\/\/www.centroambarfi.ch\/#website"},"datePublished":"2024-07-22T10:44:47+00:00","dateModified":"2026-04-14T09:24:34+00:00","description":"Enjoy delicious Italian-Mediterranean cuisine at Restaurant Centro, located in the heart of Basel on Barfi. See for yourself our cosy pizzeria-restaurant.","breadcrumb":{"@id":"https:\/\/www.centroambarfi.ch\/#breadcrumb"},"inLanguage":"en-GB","potentialAction":[{"@type":"ReadAction","target":["https:\/\/www.centroambarfi.ch\/"]}]},{"@type":"BreadcrumbList","@id":"https:\/\/www.centroambarfi.ch\/#breadcrumb","itemListElement":[{"@type":"ListItem","position":1,"name":"Startseite","item":"https:\/\/www.centroambarfi.ch\/"},{"@type":"ListItem","position":2,"name":"Home"}]},{"@type":"WebSite","@id":"https:\/\/www.centroambarfi.ch\/#website","url":"https:\/\/www.centroambarfi.ch\/","name":"Italian Restaurant - Pizzeria: Good food in Basel | Centro am Barfi","description":"","potentialAction":[{"@type":"SearchAction","target":{"@type":"EntryPoint","urlTemplate":"https:\/\/www.centroambarfi.ch\/?s={search_term_string}"},"query-input":{"@type":"PropertyValueSpecification","valueRequired":true,"valueName":"search_term_string"}}],"inLanguage":"en-GB"}]}},"_links":{"self":[{"href":"https:\/\/www.centroambarfi.ch\/en\/wp-json\/wp\/v2\/pages\/7248","targetHints":{"allow":["GET"]}}],"collection":[{"href":"https:\/\/www.centroambarfi.ch\/en\/wp-json\/wp\/v2\/pages"}],"about":[{"href":"https:\/\/www.centroambarfi.ch\/en\/wp-json\/wp\/v2\/types\/page"}],"author":[{"embeddable":true,"href":"https:\/\/www.centroambarfi.ch\/en\/wp-json\/wp\/v2\/users\/1"}],"replies":[{"embeddable":true,"href":"https:\/\/www.centroambarfi.ch\/en\/wp-json\/wp\/v2\/comments?post=7248"}],"version-history":[{"count":467,"href":"https:\/\/www.centroambarfi.ch\/en\/wp-json\/wp\/v2\/pages\/7248\/revisions"}],"predecessor-version":[{"id":10459,"href":"https:\/\/www.centroambarfi.ch\/en\/wp-json\/wp\/v2\/pages\/7248\/revisions\/10459"}],"wp:attachment":[{"href":"https:\/\/www.centroambarfi.ch\/en\/wp-json\/wp\/v2\/media?parent=7248"}],"curies":[{"name":"wp","href":"https:\/\/api.w.org\/{rel}","templated":true}]}}